{"id":11346,"date":"2020-02-04T13:35:09","date_gmt":"2020-02-04T13:35:09","guid":{"rendered":"https:\/\/www.verbruggen-group.com\/securite\/"},"modified":"2020-11-26T08:06:24","modified_gmt":"2020-11-26T08:06:24","slug":"security","status":"publish","type":"page","link":"https:\/\/www.verbruggen-group.com\/en\/nos-metiers\/security\/","title":{"rendered":"Security"},"content":{"rendered":"<div class=\"wpb-content-wrapper\"><p>[vc_row content_placement=&#8221;middle&#8221; row_content_width=&#8221;grid&#8221; css=&#8221;.vc_custom_1598878125362{padding-top: 50px !important;padding-bottom: 50px !important;}&#8221;][vc_column width=&#8221;2\/3&#8243;][vc_column_text]<\/p>\n<h1 style=\"font-size: 28px; text-align: left;\">Security by experts<\/h1>\n<p>[\/vc_column_text][vc_column_text]Whether you need reinforced doors installed, doors to open in an emergency, or doors repaired, our technicians specialise in <strong>building security<\/strong>.<\/p>\n<p>We offer different models and ideal options depending on whether your reinforced door needs to have a handle on the right or left, or one or more glass panels to allow light through.<\/p>\n<p>We carefully consider all of your requirements: fire resistance, installation of access control, sound insulation, etc.[\/vc_column_text][\/vc_column][vc_column width=&#8221;1\/3&#8243;][vc_single_image image=&#8221;12768&#8243; img_size=&#8221;full&#8221; alignment=&#8221;center&#8221; style=&#8221;vc_box_shadow_3d&#8221;][\/vc_column][\/vc_row][vc_row content_placement=&#8221;middle&#8221; row_content_width=&#8221;grid&#8221; css=&#8221;.vc_custom_1598878173956{padding-top: 50px !important;padding-bottom: 50px !important;}&#8221; simple_background_color=&#8221;#f7f7f7&#8243;][vc_column width=&#8221;1\/3&#8243;][vc_single_image image=&#8221;12771&#8243; img_size=&#8221;full&#8221; alignment=&#8221;center&#8221; style=&#8221;vc_box_shadow_3d&#8221;][\/vc_column][vc_column width=&#8221;2\/3&#8243;][vc_column_text]<\/p>\n<h4 style=\"text-align: left;\">Installation of security systems in Brussels and throughout Belgium<\/h4>\n<p>[\/vc_column_text][vc_column_text]We have fitted out a number of banks, companies, official buildings, embassies and high risk industrial sites with security counters and doors, reinforced partitions and pass-throughs.<\/p>\n<p>The Verbruggen Group\u2019s Research and Development department now holds a number of patents, a testament to our expertise in <strong>building security<\/strong>.[\/vc_column_text][\/vc_column][\/vc_row][vc_row equal_height=&#8221;yes&#8221; content_placement=&#8221;middle&#8221; row_content_width=&#8221;grid&#8221; css=&#8221;.vc_custom_1598874634865{padding-top: 50px !important;padding-bottom: 15px !important;}&#8221;][vc_column][vc_cta h2=&#8221;&#8221; h4=&#8221;See our completed projects and contact us for a free, no commitment estimate.&#8221; txt_align=&#8221;center&#8221; shape=&#8221;square&#8221; add_button=&#8221;bottom&#8221; btn_title=&#8221;Contact us, don\u2019t wait any longer!&#8221; btn_shape=&#8221;square&#8221; btn_color=&#8221;inverse&#8221; btn_align=&#8221;center&#8221; btn_i_icon_fontawesome=&#8221;fa fa-handshake-o&#8221; btn_add_icon=&#8221;true&#8221; btn_link=&#8221;url:https%3A%2F%2Fwww.verbruggen-group.com%2Fen%2Fcontact%2F|title:Contact||&#8221;][\/vc_cta][\/vc_column][\/vc_row][vc_row disable_element=&#8221;yes&#8221; row_content_width=&#8221;grid&#8221;][vc_column]<div class=\"edgtf-image-slider-holder\">\n\t<div class=\"edgtf-is-slider-inner edgtf-owl-slider \" data-enable-navigation=\"no\" data-enable-pagination=\"yes\">\n\t\t<div class=\"edgtf-is-item\">\n\t<div class=\"edgtf-is-item-inner\">\n\t\t\t\t\t<div class=\"edgtf-is-image\">\n\t\t\t\t<img loading=\"lazy\" decoding=\"async\" width=\"1000\" height=\"750\" src=\"https:\/\/www.verbruggen-group.com\/wp-content\/uploads\/2020\/02\/verbruggen-page-Menuiserie-residences.jpg\" class=\"attachment-full size-full\" alt=\"\" srcset=\"https:\/\/www.verbruggen-group.com\/wp-content\/uploads\/2020\/02\/verbruggen-page-Menuiserie-residences.jpg 1000w, https:\/\/www.verbruggen-group.com\/wp-content\/uploads\/2020\/02\/verbruggen-page-Menuiserie-residences-300x225.jpg 300w, https:\/\/www.verbruggen-group.com\/wp-content\/uploads\/2020\/02\/verbruggen-page-Menuiserie-residences-768x576.jpg 768w\" sizes=\"auto, (max-width: 1000px) 100vw, 1000px\" \/>\t\t\t<\/div>\n\t\t\t\t\t\t\t<div class=\"edgtf-is-content\" style=\"background-color: #f5f5f5\">\n\t\t\t\t<div class=\"edgtf-is-content-inner\">\n\t\t\t\t\t\n<h4><strong>R\u00e9sidences :\u00a0<\/strong><\/h4>\n<p>[vc_empty_space height=&#8221;20px&#8221;]mobiliers int\u00e9gr\u00e9s, biblioth\u00e8ques, cuisines, dressing, \u2026,<br \/>\n[vc_empty_space height=&#8221;30px&#8221;]<a itemprop=\"url\" href=\"#\" target=\"_self\"  class=\"edgtf-btn edgtf-btn-medium edgtf-btn-solid\"  >\n    <span class=\"edgtf-btn-text\">Check Out<\/span>\n    <\/a>[vc_empty_space height=&#8221;13px&#8221;]\t\t\t\t<\/div>\n\t\t\t<\/div>\n\t\t\t<\/div>\n<\/div><div class=\"edgtf-is-item\">\n\t<div class=\"edgtf-is-item-inner\">\n\t\t\t\t\t<div class=\"edgtf-is-image\">\n\t\t\t\t<img loading=\"lazy\" decoding=\"async\" width=\"1000\" height=\"750\" src=\"https:\/\/www.verbruggen-group.com\/wp-content\/uploads\/2020\/02\/verbruggen-page-Menuiserie-commerces.jpg\" class=\"attachment-full size-full\" alt=\"\" srcset=\"https:\/\/www.verbruggen-group.com\/wp-content\/uploads\/2020\/02\/verbruggen-page-Menuiserie-commerces.jpg 1000w, https:\/\/www.verbruggen-group.com\/wp-content\/uploads\/2020\/02\/verbruggen-page-Menuiserie-commerces-300x225.jpg 300w, https:\/\/www.verbruggen-group.com\/wp-content\/uploads\/2020\/02\/verbruggen-page-Menuiserie-commerces-768x576.jpg 768w\" sizes=\"auto, (max-width: 1000px) 100vw, 1000px\" \/>\t\t\t<\/div>\n\t\t\t\t\t\t\t<div class=\"edgtf-is-content\" style=\"background-color: #f5f5f5\">\n\t\t\t\t<div class=\"edgtf-is-content-inner\">\n\t\t\t\t\t\n<h4><strong>Surfaces commerciales :<\/strong><\/h4>\n<p>[vc_empty_space height=&#8221;20px&#8221;]<strong>\u00a0<\/strong>meubles de pr\u00e9sentation, comptoirs,\u2026<br \/>\n[vc_empty_space height=&#8221;30px&#8221;]<a itemprop=\"url\" href=\"#\" target=\"_self\"  class=\"edgtf-btn edgtf-btn-medium edgtf-btn-solid\"  >\n    <span class=\"edgtf-btn-text\">Check Out<\/span>\n    <\/a>[vc_empty_space height=&#8221;13px&#8221;]\t\t\t\t<\/div>\n\t\t\t<\/div>\n\t\t\t<\/div>\n<\/div><div class=\"edgtf-is-item\">\n\t<div class=\"edgtf-is-item-inner\">\n\t\t\t\t\t<div class=\"edgtf-is-image\">\n\t\t\t\t<img loading=\"lazy\" decoding=\"async\" width=\"1000\" height=\"750\" src=\"https:\/\/www.verbruggen-group.com\/wp-content\/uploads\/2020\/02\/verbruggen-page-Menuiserie-bureaux.jpg\" class=\"attachment-full size-full\" alt=\"\" srcset=\"https:\/\/www.verbruggen-group.com\/wp-content\/uploads\/2020\/02\/verbruggen-page-Menuiserie-bureaux.jpg 1000w, https:\/\/www.verbruggen-group.com\/wp-content\/uploads\/2020\/02\/verbruggen-page-Menuiserie-bureaux-300x225.jpg 300w, https:\/\/www.verbruggen-group.com\/wp-content\/uploads\/2020\/02\/verbruggen-page-Menuiserie-bureaux-768x576.jpg 768w\" sizes=\"auto, (max-width: 1000px) 100vw, 1000px\" \/>\t\t\t<\/div>\n\t\t\t\t\t\t\t<div class=\"edgtf-is-content\" style=\"background-color: #f5f5f5\">\n\t\t\t\t<div class=\"edgtf-is-content-inner\">\n\t\t\t\t\t\n<h4><strong>Surfaces de bureaux :<\/strong><\/h4>\n<p>[vc_empty_space height=&#8221;20px&#8221;]salle de r\u00e9union de haut standing, armoires de classement, portes coulissantes, bureau de direction,\u2026<br \/>\n[vc_empty_space height=&#8221;30px&#8221;]<a itemprop=\"url\" href=\"#\" target=\"_self\"  class=\"edgtf-btn edgtf-btn-medium edgtf-btn-solid\"  >\n    <span class=\"edgtf-btn-text\">Check Out<\/span>\n    <\/a>[vc_empty_space height=&#8221;13px&#8221;]\t\t\t\t<\/div>\n\t\t\t<\/div>\n\t\t\t<\/div>\n<\/div>\t<\/div>\n<\/div>[\/vc_column][\/vc_row][vc_row css=&#8221;.vc_custom_1583842258828{margin-top: 50px !important;padding-top: 50px !important;padding-bottom: 50px !important;}&#8221; simple_background_color=&#8221;#f7f7f7&#8243;][vc_column][vc_column_text css=&#8221;.vc_custom_1606307459264{margin-bottom: 40px !important;}&#8221;]<\/p>\n<h4 style=\"text-align: center;\">Completed projects<\/h4>\n<p>[\/vc_column_text][vc_column_text]<style type=\"text\/css\" scoped>.rbs_gallery_6a04479351fc2Spinner{\r\n\t\t\t\tmargin: 50px auto;\r\n\t\t\t\twidth: 50px;\r\n\t\t\t\theight: 40px;\r\n\t\t\t\ttext-align: center;\r\n\t\t\t\tfont-size: 10px;\r\n\t\t\t}\r\n\t\t\t.rbs_gallery_6a04479351fc2Spinner > div{\r\n\t\t\t  background-color: #333;\r\n\t\t\t  height: 100%;\r\n\t\t\t  width: 6px;\r\n\t\t\t  display: inline-block;\r\n\t\t\t  -webkit-animation: rbs_gallery_6a04479351fc2-stretchdelay 1.2s infinite ease-in-out;\r\n\t\t\t  animation: rbs_gallery_6a04479351fc2-stretchdelay 1.2s infinite ease-in-out;\r\n\t\t\t}\r\n\t\t\t.rbs_gallery_6a04479351fc2Spinner .rbs_gallery_6a04479351fc2Rect2 {\r\n\t\t\t  -webkit-animation-delay: -1.1s;\r\n\t\t\t  animation-delay: -1.1s;\r\n\t\t\t}\r\n\t\t\t.rbs_gallery_6a04479351fc2Spinner .rbs_gallery_6a04479351fc2Rect3 {\r\n\t\t\t  -webkit-animation-delay: -1.0s;\r\n\t\t\t  animation-delay: -1.0s;\r\n\t\t\t}\r\n\t\t\t.rbs_gallery_6a04479351fc2Spinner .rbs_gallery_6a04479351fc2Rect4 {\r\n\t\t\t  -webkit-animation-delay: -0.9s;\r\n\t\t\t  animation-delay: -0.9s;\r\n\t\t\t}\r\n\t\t\t.rbs_gallery_6a04479351fc2Spinner .rbs_gallery_6a04479351fc2Rect5 {\r\n\t\t\t  -webkit-animation-delay: -0.8s;\r\n\t\t\t  animation-delay: -0.8s;\r\n\t\t\t}\r\n\t\t\t@-webkit-keyframes rbs_gallery_6a04479351fc2-stretchdelay {\r\n\t\t\t  0%, 40%, 100% { -webkit-transform: scaleY(0.4) }  \r\n\t\t\t  20% { -webkit-transform: scaleY(1.0) }\r\n\t\t\t}\r\n\t\t\t@keyframes rbs_gallery_6a04479351fc2-stretchdelay {\r\n\t\t\t  0%, 40%, 100% { \r\n\t\t\t    transform: scaleY(0.4);\r\n\t\t\t    -webkit-transform: scaleY(0.4);\r\n\t\t\t  }  20% { \r\n\t\t\t    transform: scaleY(1.0);\r\n\t\t\t    -webkit-transform: scaleY(1.0);\r\n\t\t\t  }\r\n\t\t\t}\r\n\t\t<\/style><div class=\"robo-gallery-wrap robo-gallery-wrap-id11483 robo-gallery-\" ><div id=\"rbs_gallery_6a04479351fc2-block-loader\" class=\"rbs_gallery_6a04479351fc2Spinner\"><div class=\"rbs_gallery_6a04479351fc2Rect1\"><\/div> <div class=\"rbs_gallery_6a04479351fc2Rect2\"><\/div> <div class=\"rbs_gallery_6a04479351fc2Rect3\"><\/div> <div class=\"rbs_gallery_6a04479351fc2Rect4\"><\/div> <div class=\"rbs_gallery_6a04479351fc2Rect5\"><\/div><\/div><div class=\"rbs_gallery_button  rbs_gallery_align_center\" id=\"rbs_gallery_6a04479351fc2filter\" style=\" display: none;\" ><a class=\"button button-flat-primary  \" href=\"#\" data-filter=\"*\">All categories<\/a><\/div><div id=\"robo_gallery_main_block_rbs_gallery_6a04479351fc2\" class=\"robogallery-gallery-11483\" style=\"width:95%;margin:0 auto;  display: none;\"><div id=\"rbs_gallery_6a04479351fc2\" data-options=\"rbs_gallery_6a04479351fc2\" style=\"width:100%;\" class=\"robo_gallery  \"><div class=\"rbs-img  category11483 \" ><div class=\"rbs-img-image   rbs-lightbox \" ><div class=\"rbs-img-thumbs\"  data-thumbnail=\"https:\/\/www.verbruggen-group.com\/wp-content\/uploads\/2020\/03\/Verbruggen-group-service-se\u0301curite1012.jpg\"  title=\"Verbruggen-group-service-se\u0301curite1012\"  data-width=\"1100\"  data-height=\"733\" ><\/div><div class=\"rbs-img-data-popup\"  data-popup=\"https:\/\/www.verbruggen-group.com\/wp-content\/uploads\/2020\/03\/Verbruggen-group-service-se\u0301curite1012.jpg\"  title=\"\" ><\/div><div class=\"thumbnail-overlay\"><\/div><\/div><\/div><div class=\"rbs-img  category11483 \" ><div class=\"rbs-img-image   rbs-lightbox \" ><div class=\"rbs-img-thumbs\"  data-thumbnail=\"https:\/\/www.verbruggen-group.com\/wp-content\/uploads\/2020\/03\/Verbruggen-slider-service-securite\u0301.jpg\"  title=\"Verbruggen-slider-service-securite\u0301\"  data-width=\"2100\"  data-height=\"961\" ><\/div><div class=\"rbs-img-data-popup\"  data-popup=\"https:\/\/www.verbruggen-group.com\/wp-content\/uploads\/2020\/03\/Verbruggen-slider-service-securite\u0301.jpg\"  title=\"Verbruggen-slider-service-securit\u00e9\"  data-alt=\"Verbruggen-slider-service-securit\u00e9\" ><\/div><div class=\"thumbnail-overlay\"><\/div><\/div><\/div><div class=\"rbs-img  category11483 \" ><div class=\"rbs-img-image   rbs-lightbox \" ><div class=\"rbs-img-thumbs\"  data-thumbnail=\"https:\/\/www.verbruggen-group.com\/wp-content\/uploads\/2020\/03\/Verbruggen-group-service-se\u0301curite10.jpg\"  title=\"Verbruggen-group-service-se\u0301curite10\"  data-width=\"1100\"  data-height=\"680\" ><\/div><div class=\"rbs-img-data-popup\"  data-popup=\"https:\/\/www.verbruggen-group.com\/wp-content\/uploads\/2020\/03\/Verbruggen-group-service-se\u0301curite10.jpg\"  title=\"\" ><\/div><div class=\"thumbnail-overlay\"><\/div><\/div><\/div><div class=\"rbs-img  category11483 \" ><div class=\"rbs-img-image   rbs-lightbox \" ><div class=\"rbs-img-thumbs\"  data-thumbnail=\"https:\/\/www.verbruggen-group.com\/wp-content\/uploads\/2020\/03\/verbruggen-service-se\u0301curite\u03012.jpg\"  title=\"verbruggen-service-se\u0301curite\u03012\"  data-width=\"1100\"  data-height=\"1956\" ><\/div><div class=\"rbs-img-data-popup\"  data-popup=\"https:\/\/www.verbruggen-group.com\/wp-content\/uploads\/2020\/03\/verbruggen-service-se\u0301curite\u03012.jpg\"  title=\"\" ><\/div><div class=\"thumbnail-overlay\"><\/div><\/div><\/div><div class=\"rbs-img  category11483 \" ><div class=\"rbs-img-image   rbs-lightbox \" ><div class=\"rbs-img-thumbs\"  data-thumbnail=\"https:\/\/www.verbruggen-group.com\/wp-content\/uploads\/2020\/03\/verbruggen-service-se\u0301curite\u0301-rotated.jpg\"  title=\"verbruggen-service-se\u0301curite\u0301\"  data-width=\"733\"  data-height=\"1100\" ><\/div><div class=\"rbs-img-data-popup\"  data-popup=\"https:\/\/www.verbruggen-group.com\/wp-content\/uploads\/2020\/03\/verbruggen-service-se\u0301curite\u0301-rotated.jpg\"  title=\"\" ><\/div><div class=\"thumbnail-overlay\"><\/div><\/div><\/div><div class=\"rbs-img  category11483 \" ><div class=\"rbs-img-image   rbs-lightbox \" ><div class=\"rbs-img-thumbs\"  data-thumbnail=\"https:\/\/www.verbruggen-group.com\/wp-content\/uploads\/2020\/03\/verbruggen-service-se\u0301curite\u03013-rotated.jpg\"  title=\"verbruggen-service-se\u0301curite\u03013\"  data-width=\"733\"  data-height=\"1100\" ><\/div><div class=\"rbs-img-data-popup\"  data-popup=\"https:\/\/www.verbruggen-group.com\/wp-content\/uploads\/2020\/03\/verbruggen-service-se\u0301curite\u03013-rotated.jpg\"  title=\"\" ><\/div><div class=\"thumbnail-overlay\"><\/div><\/div><\/div><div class=\"rbs-img  category11483 \" ><div class=\"rbs-img-image   rbs-lightbox \" ><div class=\"rbs-img-thumbs\"  data-thumbnail=\"https:\/\/www.verbruggen-group.com\/wp-content\/uploads\/2020\/03\/verbruggen-S\u00e9curite-Passe-Documents.jpg\"  title=\"verbruggen-S\u00e9curite-Passe-Documents\"  data-width=\"1100\"  data-height=\"734\" ><\/div><div class=\"rbs-img-data-popup\"  data-popup=\"https:\/\/www.verbruggen-group.com\/wp-content\/uploads\/2020\/03\/verbruggen-S\u00e9curite-Passe-Documents.jpg\"  title=\"\" ><\/div><div class=\"thumbnail-overlay\"><\/div><\/div><\/div><\/div><\/div><\/div><script>var rbs_gallery_6a04479351fc2 = {\"version\":\"5.1.4\",\"id\":11483,\"class\":\"id11483\",\"roboGalleryDelay\":1000,\"mainContainer\":\"#robo_gallery_main_block_rbs_gallery_6a04479351fc2\",\"loadingContainer\":\"#rbs_gallery_6a04479351fc2-block-loader\",\"loadingContainerObj\":\"rbs_gallery_6a04479351fc2-block-loader\",\"columnWidth\":\"auto\",\"columns\":5,\"resolutions\":[{\"columnWidth\":\"auto\",\"columns\":4,\"maxWidth\":960},{\"columnWidth\":\"auto\",\"columns\":2,\"maxWidth\":650},{\"columnWidth\":\"auto\",\"columns\":1,\"maxWidth\":450}],\"lightboxOptions\":{\"gallery\":{\"enabled\":true,\"tCounter\":\"%curr% of %total%\"},\"image\":{\"verticalFit\":true},\"mainClass\":\"my-mfp-slide-bottom mfp-img-mobile\"},\"facebook\":true,\"twitter\":true,\"pinterest\":true,\"overlayEffect\":\"push-up\",\"boxesToLoadStart\":20,\"boxesToLoad\":20,\"waitUntilThumbLoads\":1,\"waitForAllThumbsNoMatterWhat\":1,\"LoadingWord\":\"Loading...\",\"loadMoreWord\":\"Load More\",\"noMoreEntriesWord\":\"No More Entries\",\"horizontalSpaceBetweenBoxes\":40,\"verticalSpaceBetweenBoxes\":40,\"lazyLoad\":1,\"noHoverOnMobile\":\"false\",\"wrapContainer\":\"#robo-gallery-wrap-rbs_gallery_6a04479351fc2\",\"filterContainer\":\"#rbs_gallery_6a04479351fc2filter\",\"loadMoreClass\":\"button-flat-primary \"};<\/script>[\/vc_column_text][\/vc_column][\/vc_row]<\/p>\n<\/div>","protected":false},"excerpt":{"rendered":"<p>[vc_row content_placement=&#8221;middle&#8221; row_content_width=&#8221;grid&#8221; css=&#8221;.vc_custom_1598878125362{padding-top: 50px !important;padding-bottom: 50px !important;}&#8221;][vc_column width=&#8221;2\/3&#8243;][vc_column_text] Security by experts [\/vc_column_text][vc_column_text]Whether you need reinforced doors installed, doors to open in an emergency, or doors repaired, our technicians specialise in building security. We offer different models and ideal options [&hellip;]<\/p>\n","protected":false},"author":1,"featured_media":11347,"parent":11377,"menu_order":0,"comment_status":"closed","ping_status":"closed","template":"full-width.php","meta":{"rs_blank_template":"","rs_page_bg_color":"#ffffff","slide_template_v7":"","footnotes":""},"class_list":["post-11346","page","type-page","status-publish","has-post-thumbnail","hentry"],"yoast_head":"<!-- This site is optimized with the Yoast SEO plugin v27.5 - https:\/\/yoast.com\/product\/yoast-seo-wordpress\/ -->\n<title>Security - Verbruggen Group<\/title>\n<meta name=\"robots\" content=\"index, follow, max-snippet:-1, max-image-preview:large, max-video-preview:-1\" \/>\n<link rel=\"canonical\" href=\"https:\/\/www.verbruggen-group.com\/en\/nos-metiers\/security\/\" \/>\n<meta property=\"og:locale\" content=\"en_US\" \/>\n<meta property=\"og:type\" content=\"article\" \/>\n<meta property=\"og:title\" content=\"Security - Verbruggen Group\" \/>\n<meta property=\"og:description\" content=\"[vc_row content_placement=&#8221;middle&#8221; row_content_width=&#8221;grid&#8221; css=&#8221;.vc_custom_1598878125362{padding-top: 50px !important;padding-bottom: 50px !important;}&#8221;][vc_column width=&#8221;2\/3&#8243;][vc_column_text] Security by experts [\/vc_column_text][vc_column_text]Whether you need reinforced doors installed, doors to open in an emergency, or doors repaired, our technicians specialise in building security. We offer different models and ideal options [&hellip;]\" \/>\n<meta property=\"og:url\" content=\"https:\/\/www.verbruggen-group.com\/en\/nos-metiers\/security\/\" \/>\n<meta property=\"og:site_name\" content=\"Verbruggen Group\" \/>\n<meta property=\"article:publisher\" content=\"https:\/\/www.facebook.com\/Verbruggen-Group-254406135499585\/\" \/>\n<meta property=\"article:modified_time\" content=\"2020-11-26T08:06:24+00:00\" \/>\n<meta property=\"og:image\" content=\"https:\/\/www.verbruggen-group.com\/wp-content\/uploads\/2020\/03\/Verbruggen-group-se\u0301curite\u0301.jpg\" \/>\n\t<meta property=\"og:image:width\" content=\"800\" \/>\n\t<meta property=\"og:image:height\" content=\"600\" \/>\n\t<meta property=\"og:image:type\" content=\"image\/jpeg\" \/>\n<meta name=\"twitter:card\" content=\"summary_large_image\" \/>\n<meta name=\"twitter:label1\" content=\"Est. reading time\" \/>\n\t<meta name=\"twitter:data1\" content=\"3 minutes\" \/>\n<script type=\"application\/ld+json\" class=\"yoast-schema-graph\">{\"@context\":\"https:\\\/\\\/schema.org\",\"@graph\":[{\"@type\":\"WebPage\",\"@id\":\"https:\\\/\\\/www.verbruggen-group.com\\\/en\\\/nos-metiers\\\/security\\\/\",\"url\":\"https:\\\/\\\/www.verbruggen-group.com\\\/en\\\/nos-metiers\\\/security\\\/\",\"name\":\"Security - Verbruggen Group\",\"isPartOf\":{\"@id\":\"https:\\\/\\\/www.verbruggen-group.com\\\/#website\"},\"primaryImageOfPage\":{\"@id\":\"https:\\\/\\\/www.verbruggen-group.com\\\/en\\\/nos-metiers\\\/security\\\/#primaryimage\"},\"image\":{\"@id\":\"https:\\\/\\\/www.verbruggen-group.com\\\/en\\\/nos-metiers\\\/security\\\/#primaryimage\"},\"thumbnailUrl\":\"https:\\\/\\\/www.verbruggen-group.com\\\/wp-content\\\/uploads\\\/2020\\\/03\\\/Verbruggen-group-se\u0301curite\u0301.jpg\",\"datePublished\":\"2020-02-04T13:35:09+00:00\",\"dateModified\":\"2020-11-26T08:06:24+00:00\",\"breadcrumb\":{\"@id\":\"https:\\\/\\\/www.verbruggen-group.com\\\/en\\\/nos-metiers\\\/security\\\/#breadcrumb\"},\"inLanguage\":\"en-US\",\"potentialAction\":[{\"@type\":\"ReadAction\",\"target\":[\"https:\\\/\\\/www.verbruggen-group.com\\\/en\\\/nos-metiers\\\/security\\\/\"]}]},{\"@type\":\"ImageObject\",\"inLanguage\":\"en-US\",\"@id\":\"https:\\\/\\\/www.verbruggen-group.com\\\/en\\\/nos-metiers\\\/security\\\/#primaryimage\",\"url\":\"https:\\\/\\\/www.verbruggen-group.com\\\/wp-content\\\/uploads\\\/2020\\\/03\\\/Verbruggen-group-se\u0301curite\u0301.jpg\",\"contentUrl\":\"https:\\\/\\\/www.verbruggen-group.com\\\/wp-content\\\/uploads\\\/2020\\\/03\\\/Verbruggen-group-se\u0301curite\u0301.jpg\",\"width\":800,\"height\":600},{\"@type\":\"BreadcrumbList\",\"@id\":\"https:\\\/\\\/www.verbruggen-group.com\\\/en\\\/nos-metiers\\\/security\\\/#breadcrumb\",\"itemListElement\":[{\"@type\":\"ListItem\",\"position\":1,\"name\":\"Home\",\"item\":\"https:\\\/\\\/www.verbruggen-group.com\\\/en\\\/\"},{\"@type\":\"ListItem\",\"position\":2,\"name\":\"Nos M\u00e9tiers\",\"item\":\"https:\\\/\\\/www.verbruggen-group.com\\\/en\\\/nos-metiers\\\/\"},{\"@type\":\"ListItem\",\"position\":3,\"name\":\"Security\"}]},{\"@type\":\"WebSite\",\"@id\":\"https:\\\/\\\/www.verbruggen-group.com\\\/#website\",\"url\":\"https:\\\/\\\/www.verbruggen-group.com\\\/\",\"name\":\"Verbruggen Group\",\"description\":\"L\u2019art de construire et de r\u00e9nover\",\"potentialAction\":[{\"@type\":\"SearchAction\",\"target\":{\"@type\":\"EntryPoint\",\"urlTemplate\":\"https:\\\/\\\/www.verbruggen-group.com\\\/?s={search_term_string}\"},\"query-input\":{\"@type\":\"PropertyValueSpecification\",\"valueRequired\":true,\"valueName\":\"search_term_string\"}}],\"inLanguage\":\"en-US\"}]}<\/script>\n<!-- \/ Yoast SEO plugin. -->","yoast_head_json":{"title":"Security - Verbruggen Group","robots":{"index":"index","follow":"follow","max-snippet":"max-snippet:-1","max-image-preview":"max-image-preview:large","max-video-preview":"max-video-preview:-1"},"canonical":"https:\/\/www.verbruggen-group.com\/en\/nos-metiers\/security\/","og_locale":"en_US","og_type":"article","og_title":"Security - Verbruggen Group","og_description":"[vc_row content_placement=&#8221;middle&#8221; row_content_width=&#8221;grid&#8221; css=&#8221;.vc_custom_1598878125362{padding-top: 50px !important;padding-bottom: 50px !important;}&#8221;][vc_column width=&#8221;2\/3&#8243;][vc_column_text] Security by experts [\/vc_column_text][vc_column_text]Whether you need reinforced doors installed, doors to open in an emergency, or doors repaired, our technicians specialise in building security. We offer different models and ideal options [&hellip;]","og_url":"https:\/\/www.verbruggen-group.com\/en\/nos-metiers\/security\/","og_site_name":"Verbruggen Group","article_publisher":"https:\/\/www.facebook.com\/Verbruggen-Group-254406135499585\/","article_modified_time":"2020-11-26T08:06:24+00:00","og_image":[{"width":800,"height":600,"url":"https:\/\/www.verbruggen-group.com\/wp-content\/uploads\/2020\/03\/Verbruggen-group-se\u0301curite\u0301.jpg","type":"image\/jpeg"}],"twitter_card":"summary_large_image","twitter_misc":{"Est. reading time":"3 minutes"},"schema":{"@context":"https:\/\/schema.org","@graph":[{"@type":"WebPage","@id":"https:\/\/www.verbruggen-group.com\/en\/nos-metiers\/security\/","url":"https:\/\/www.verbruggen-group.com\/en\/nos-metiers\/security\/","name":"Security - Verbruggen Group","isPartOf":{"@id":"https:\/\/www.verbruggen-group.com\/#website"},"primaryImageOfPage":{"@id":"https:\/\/www.verbruggen-group.com\/en\/nos-metiers\/security\/#primaryimage"},"image":{"@id":"https:\/\/www.verbruggen-group.com\/en\/nos-metiers\/security\/#primaryimage"},"thumbnailUrl":"https:\/\/www.verbruggen-group.com\/wp-content\/uploads\/2020\/03\/Verbruggen-group-se\u0301curite\u0301.jpg","datePublished":"2020-02-04T13:35:09+00:00","dateModified":"2020-11-26T08:06:24+00:00","breadcrumb":{"@id":"https:\/\/www.verbruggen-group.com\/en\/nos-metiers\/security\/#breadcrumb"},"inLanguage":"en-US","potentialAction":[{"@type":"ReadAction","target":["https:\/\/www.verbruggen-group.com\/en\/nos-metiers\/security\/"]}]},{"@type":"ImageObject","inLanguage":"en-US","@id":"https:\/\/www.verbruggen-group.com\/en\/nos-metiers\/security\/#primaryimage","url":"https:\/\/www.verbruggen-group.com\/wp-content\/uploads\/2020\/03\/Verbruggen-group-se\u0301curite\u0301.jpg","contentUrl":"https:\/\/www.verbruggen-group.com\/wp-content\/uploads\/2020\/03\/Verbruggen-group-se\u0301curite\u0301.jpg","width":800,"height":600},{"@type":"BreadcrumbList","@id":"https:\/\/www.verbruggen-group.com\/en\/nos-metiers\/security\/#breadcrumb","itemListElement":[{"@type":"ListItem","position":1,"name":"Home","item":"https:\/\/www.verbruggen-group.com\/en\/"},{"@type":"ListItem","position":2,"name":"Nos M\u00e9tiers","item":"https:\/\/www.verbruggen-group.com\/en\/nos-metiers\/"},{"@type":"ListItem","position":3,"name":"Security"}]},{"@type":"WebSite","@id":"https:\/\/www.verbruggen-group.com\/#website","url":"https:\/\/www.verbruggen-group.com\/","name":"Verbruggen Group","description":"L\u2019art de construire et de r\u00e9nover","potentialAction":[{"@type":"SearchAction","target":{"@type":"EntryPoint","urlTemplate":"https:\/\/www.verbruggen-group.com\/?s={search_term_string}"},"query-input":{"@type":"PropertyValueSpecification","valueRequired":true,"valueName":"search_term_string"}}],"inLanguage":"en-US"}]}},"_links":{"self":[{"href":"https:\/\/www.verbruggen-group.com\/en\/wp-json\/wp\/v2\/pages\/11346","targetHints":{"allow":["GET"]}}],"collection":[{"href":"https:\/\/www.verbruggen-group.com\/en\/wp-json\/wp\/v2\/pages"}],"about":[{"href":"https:\/\/www.verbruggen-group.com\/en\/wp-json\/wp\/v2\/types\/page"}],"author":[{"embeddable":true,"href":"https:\/\/www.verbruggen-group.com\/en\/wp-json\/wp\/v2\/users\/1"}],"replies":[{"embeddable":true,"href":"https:\/\/www.verbruggen-group.com\/en\/wp-json\/wp\/v2\/comments?post=11346"}],"version-history":[{"count":5,"href":"https:\/\/www.verbruggen-group.com\/en\/wp-json\/wp\/v2\/pages\/11346\/revisions"}],"predecessor-version":[{"id":12908,"href":"https:\/\/www.verbruggen-group.com\/en\/wp-json\/wp\/v2\/pages\/11346\/revisions\/12908"}],"up":[{"embeddable":true,"href":"https:\/\/www.verbruggen-group.com\/en\/wp-json\/wp\/v2\/pages\/11377"}],"wp:featuredmedia":[{"embeddable":true,"href":"https:\/\/www.verbruggen-group.com\/en\/wp-json\/wp\/v2\/media\/11347"}],"wp:attachment":[{"href":"https:\/\/www.verbruggen-group.com\/en\/wp-json\/wp\/v2\/media?parent=11346"}],"curies":[{"name":"wp","href":"https:\/\/api.w.org\/{rel}","templated":true}]}}