{"id":11377,"date":"2017-04-11T08:06:38","date_gmt":"2017-04-11T08:06:38","guid":{"rendered":"https:\/\/www.verbruggen-group.com\/nos-metiers\/"},"modified":"2024-10-18T17:04:10","modified_gmt":"2024-10-18T17:04:10","slug":"nos-metiers","status":"publish","type":"page","link":"https:\/\/www.verbruggen-group.com\/en\/nos-metiers\/","title":{"rendered":"Nos M\u00e9tiers"},"content":{"rendered":"<div class=\"wpb-content-wrapper\"><p>[vc_row row_content_width=&#8221;grid&#8221; css=&#8221;.vc_custom_1583326309092{padding-top: 70px !important;padding-bottom: 90px !important;}&#8221;][vc_column width=&#8221;1\/2&#8243;][vc_custom_heading text=&#8221;Vous imaginez un projet, un concept, un d\u00e9tail &#8230;&#8221; font_container=&#8221;tag:h1|font_size:30|text_align:left&#8221; use_theme_fonts=&#8221;yes&#8221;][\/vc_column][vc_column width=&#8221;1\/2&#8243;][vc_column_text]<span style=\"font-size: 14pt;\">Notre bureau d&#8217;\u00e9tude et de dessin vous permettra de le visualiser, d&#8217;\u00e9tudier la mise en ex\u00e9cution, d&#8217;affiner chaque d\u00e9tail.<\/span><br \/>\n<span style=\"font-size: 14pt;\">Mais aussi de rechercher et proposer des alternatives correspondant \u00e0 vos attentes.<\/span><br \/>\n<span style=\"font-size: 14pt;\">Nos dessinateurs connect\u00e9s \u00e0 un outillage de pointe veilleront \u00e0 la parfaite ex\u00e9cution de vos souhaits.<\/span>[\/vc_column_text][\/vc_column][\/vc_row][vc_row css=&#8221;.vc_custom_1583329242806{padding-bottom: 1px !important;}&#8221;][vc_column][vc_masonry_media_grid element_width=&#8221;3&#8243; gap=&#8221;2&#8243; item=&#8221;masonryGrid_OverlayWithRotation&#8221; initial_loading_animation=&#8221;fadeIn&#8221; grid_id=&#8221;vc_gid:1583330630481-af0ff746-0724-8&#8243; include=&#8221;11378,11388,11389,11390&#8243; el_class=&#8221;atelierimage&#8221;][vc_raw_js]JTNDc2NyaXB0JTNFJTIwJTBBJTBBJTBBalF1ZXJ5JTI4JTIwZG9jdW1lbnQlMjAlMjkucmVhZHklMjhmdW5jdGlvbiUyOCUyOSUyMCU3QiUwQSUyMCUyMCUyMCUyMGpRdWVyeSUyOCUyNy5hdGVsaWVyaW1hZ2UlMjAudmNfZ2l0ZW0taXMtbGluayUyMC52Y19naXRlbS1saW5rJTI3JTI5LmF0dHIlMjglMjdocmVmJTI3JTJDJTI3JTIzJTI3JTI5JTNCJTBBJTdEJTI5JTNCJTBBJTBBJTNDJTJGc2NyaXB0JTNF[\/vc_raw_js][\/vc_column][\/vc_row][vc_row row_content_width=&#8221;grid&#8221; css=&#8221;.vc_custom_1583326309092{padding-top: 70px !important;padding-bottom: 90px !important;}&#8221;][vc_column][vc_custom_heading text=&#8221;Titre texte atelier Titre texte atelier&#8221; font_container=&#8221;tag:h1|font_size:30|text_align:center&#8221; use_theme_fonts=&#8221;yes&#8221;][vc_column_text]<span style=\"font-size: 14pt;\">Lorem ipsum dolor sit amet, consectetur adipiscing elit. Sed efficitur eleifend risus eleifend aliquam. Duis imperdiet leo quis egestas tempor. Cras posuere urna nec orci aliquet, placerat commodo justo fermentum. Integer ut vestibulum velit, sit amet eleifend libero. Aliquam imperdiet, purus a facilisis dapibus, sem diam rhoncus nunc, eu varius arcu ante in ipsum. Aenean ut elit in leo consequat aliquam sit amet ac felis. Nunc quis justo ante. Curabitur imperdiet libero erat, ut porttitor sapien feugiat eget. Vestibulum sed odio vitae nibh dapibus interdum. Donec vel sodales felis. Proin vestibulum maximus nisi et bibendum.<\/span>[\/vc_column_text][\/vc_column][\/vc_row][vc_row css=&#8221;.vc_custom_1583329430602{padding-bottom: 1px !important;}&#8221; simple_background_color=&#8221;#f7f7f7&#8243;][vc_column][vc_text_separator title=&#8221;Nos services&#8221; css=&#8221;.vc_custom_1583329409998{padding-top: 90px !important;padding-bottom: 90px !important;}&#8221;][vc_masonry_grid post_type=&#8221;ids&#8221; element_width=&#8221;3&#8243; gap=&#8221;2&#8243; item=&#8221;masonryGrid_OverlayWithRotation&#8221; grid_id=&#8221;vc_gid:1583330630484-97326571-2150-1&#8243; include=&#8221;6949, 10334, 10338, 10346&#8243;][\/vc_column][\/vc_row]<\/p>\n<\/div>","protected":false},"excerpt":{"rendered":"<p>[vc_row row_content_width=&#8221;grid&#8221; css=&#8221;.vc_custom_1583326309092{padding-top: 70px !important;padding-bottom: 90px !important;}&#8221;][vc_column width=&#8221;1\/2&#8243;][vc_custom_heading text=&#8221;Vous imaginez un projet, un concept, un d\u00e9tail &#8230;&#8221; font_container=&#8221;tag:h1|font_size:30|text_align:left&#8221; use_theme_fonts=&#8221;yes&#8221;][\/vc_column][vc_column width=&#8221;1\/2&#8243;][vc_column_text]Notre bureau d&#8217;\u00e9tude et de dessin vous permettra de le visualiser, d&#8217;\u00e9tudier la mise en ex\u00e9cution, d&#8217;affiner chaque d\u00e9tail. Mais aussi [&hellip;]<\/p>\n","protected":false},"author":1,"featured_media":0,"parent":0,"menu_order":0,"comment_status":"closed","ping_status":"closed","template":"full-width.php","meta":{"rs_blank_template":"","rs_page_bg_color":"","slide_template_v7":"","footnotes":""},"class_list":["post-11377","page","type-page","status-publish","hentry"],"yoast_head":"<!-- This site is optimized with the Yoast SEO plugin v27.4 - https:\/\/yoast.com\/product\/yoast-seo-wordpress\/ -->\n<title>Nos M\u00e9tiers - Verbruggen Group<\/title>\n<meta name=\"robots\" content=\"index, follow, max-snippet:-1, max-image-preview:large, max-video-preview:-1\" \/>\n<link rel=\"canonical\" href=\"https:\/\/www.verbruggen-group.com\/en\/nos-metiers\/\" \/>\n<meta property=\"og:locale\" content=\"en_US\" \/>\n<meta property=\"og:type\" content=\"article\" \/>\n<meta property=\"og:title\" content=\"Nos M\u00e9tiers - Verbruggen Group\" \/>\n<meta property=\"og:description\" content=\"[vc_row row_content_width=&#8221;grid&#8221; css=&#8221;.vc_custom_1583326309092{padding-top: 70px !important;padding-bottom: 90px !important;}&#8221;][vc_column width=&#8221;1\/2&#8243;][vc_custom_heading text=&#8221;Vous imaginez un projet, un concept, un d\u00e9tail &#8230;&#8221; font_container=&#8221;tag:h1|font_size:30|text_align:left&#8221; use_theme_fonts=&#8221;yes&#8221;][\/vc_column][vc_column width=&#8221;1\/2&#8243;][vc_column_text]Notre bureau d&#8217;\u00e9tude et de dessin vous permettra de le visualiser, d&#8217;\u00e9tudier la mise en ex\u00e9cution, d&#8217;affiner chaque d\u00e9tail. Mais aussi [&hellip;]\" \/>\n<meta property=\"og:url\" content=\"https:\/\/www.verbruggen-group.com\/en\/nos-metiers\/\" \/>\n<meta property=\"og:site_name\" content=\"Verbruggen Group\" \/>\n<meta property=\"article:publisher\" content=\"https:\/\/www.facebook.com\/Verbruggen-Group-254406135499585\/\" \/>\n<meta property=\"article:modified_time\" content=\"2024-10-18T17:04:10+00:00\" \/>\n<meta property=\"og:image\" content=\"https:\/\/www.verbruggen-group.com\/wp-content\/uploads\/2020\/02\/Logo-Verbruggen-V-Blue-300x300-1-e1585306819751.png\" \/>\n\t<meta property=\"og:image:width\" content=\"200\" \/>\n\t<meta property=\"og:image:height\" content=\"197\" \/>\n\t<meta property=\"og:image:type\" content=\"image\/png\" \/>\n<meta name=\"twitter:card\" content=\"summary_large_image\" \/>\n<meta name=\"twitter:label1\" content=\"Est. reading time\" \/>\n\t<meta name=\"twitter:data1\" content=\"2 minutes\" \/>\n<script type=\"application\/ld+json\" class=\"yoast-schema-graph\">{\"@context\":\"https:\\\/\\\/schema.org\",\"@graph\":[{\"@type\":\"WebPage\",\"@id\":\"https:\\\/\\\/www.verbruggen-group.com\\\/en\\\/nos-metiers\\\/\",\"url\":\"https:\\\/\\\/www.verbruggen-group.com\\\/en\\\/nos-metiers\\\/\",\"name\":\"Nos M\u00e9tiers - Verbruggen Group\",\"isPartOf\":{\"@id\":\"https:\\\/\\\/www.verbruggen-group.com\\\/#website\"},\"datePublished\":\"2017-04-11T08:06:38+00:00\",\"dateModified\":\"2024-10-18T17:04:10+00:00\",\"breadcrumb\":{\"@id\":\"https:\\\/\\\/www.verbruggen-group.com\\\/en\\\/nos-metiers\\\/#breadcrumb\"},\"inLanguage\":\"en-US\",\"potentialAction\":[{\"@type\":\"ReadAction\",\"target\":[\"https:\\\/\\\/www.verbruggen-group.com\\\/en\\\/nos-metiers\\\/\"]}]},{\"@type\":\"BreadcrumbList\",\"@id\":\"https:\\\/\\\/www.verbruggen-group.com\\\/en\\\/nos-metiers\\\/#breadcrumb\",\"itemListElement\":[{\"@type\":\"ListItem\",\"position\":1,\"name\":\"Home\",\"item\":\"https:\\\/\\\/www.verbruggen-group.com\\\/en\\\/\"},{\"@type\":\"ListItem\",\"position\":2,\"name\":\"Nos M\u00e9tiers\"}]},{\"@type\":\"WebSite\",\"@id\":\"https:\\\/\\\/www.verbruggen-group.com\\\/#website\",\"url\":\"https:\\\/\\\/www.verbruggen-group.com\\\/\",\"name\":\"Verbruggen Group\",\"description\":\"L\u2019art de construire et de r\u00e9nover\",\"potentialAction\":[{\"@type\":\"SearchAction\",\"target\":{\"@type\":\"EntryPoint\",\"urlTemplate\":\"https:\\\/\\\/www.verbruggen-group.com\\\/?s={search_term_string}\"},\"query-input\":{\"@type\":\"PropertyValueSpecification\",\"valueRequired\":true,\"valueName\":\"search_term_string\"}}],\"inLanguage\":\"en-US\"}]}<\/script>\n<!-- \/ Yoast SEO plugin. -->","yoast_head_json":{"title":"Nos M\u00e9tiers - Verbruggen Group","robots":{"index":"index","follow":"follow","max-snippet":"max-snippet:-1","max-image-preview":"max-image-preview:large","max-video-preview":"max-video-preview:-1"},"canonical":"https:\/\/www.verbruggen-group.com\/en\/nos-metiers\/","og_locale":"en_US","og_type":"article","og_title":"Nos M\u00e9tiers - Verbruggen Group","og_description":"[vc_row row_content_width=&#8221;grid&#8221; css=&#8221;.vc_custom_1583326309092{padding-top: 70px !important;padding-bottom: 90px !important;}&#8221;][vc_column width=&#8221;1\/2&#8243;][vc_custom_heading text=&#8221;Vous imaginez un projet, un concept, un d\u00e9tail &#8230;&#8221; font_container=&#8221;tag:h1|font_size:30|text_align:left&#8221; use_theme_fonts=&#8221;yes&#8221;][\/vc_column][vc_column width=&#8221;1\/2&#8243;][vc_column_text]Notre bureau d&#8217;\u00e9tude et de dessin vous permettra de le visualiser, d&#8217;\u00e9tudier la mise en ex\u00e9cution, d&#8217;affiner chaque d\u00e9tail. Mais aussi [&hellip;]","og_url":"https:\/\/www.verbruggen-group.com\/en\/nos-metiers\/","og_site_name":"Verbruggen Group","article_publisher":"https:\/\/www.facebook.com\/Verbruggen-Group-254406135499585\/","article_modified_time":"2024-10-18T17:04:10+00:00","og_image":[{"width":200,"height":197,"url":"https:\/\/www.verbruggen-group.com\/wp-content\/uploads\/2020\/02\/Logo-Verbruggen-V-Blue-300x300-1-e1585306819751.png","type":"image\/png"}],"twitter_card":"summary_large_image","twitter_misc":{"Est. reading time":"2 minutes"},"schema":{"@context":"https:\/\/schema.org","@graph":[{"@type":"WebPage","@id":"https:\/\/www.verbruggen-group.com\/en\/nos-metiers\/","url":"https:\/\/www.verbruggen-group.com\/en\/nos-metiers\/","name":"Nos M\u00e9tiers - Verbruggen Group","isPartOf":{"@id":"https:\/\/www.verbruggen-group.com\/#website"},"datePublished":"2017-04-11T08:06:38+00:00","dateModified":"2024-10-18T17:04:10+00:00","breadcrumb":{"@id":"https:\/\/www.verbruggen-group.com\/en\/nos-metiers\/#breadcrumb"},"inLanguage":"en-US","potentialAction":[{"@type":"ReadAction","target":["https:\/\/www.verbruggen-group.com\/en\/nos-metiers\/"]}]},{"@type":"BreadcrumbList","@id":"https:\/\/www.verbruggen-group.com\/en\/nos-metiers\/#breadcrumb","itemListElement":[{"@type":"ListItem","position":1,"name":"Home","item":"https:\/\/www.verbruggen-group.com\/en\/"},{"@type":"ListItem","position":2,"name":"Nos M\u00e9tiers"}]},{"@type":"WebSite","@id":"https:\/\/www.verbruggen-group.com\/#website","url":"https:\/\/www.verbruggen-group.com\/","name":"Verbruggen Group","description":"L\u2019art de construire et de r\u00e9nover","potentialAction":[{"@type":"SearchAction","target":{"@type":"EntryPoint","urlTemplate":"https:\/\/www.verbruggen-group.com\/?s={search_term_string}"},"query-input":{"@type":"PropertyValueSpecification","valueRequired":true,"valueName":"search_term_string"}}],"inLanguage":"en-US"}]}},"_links":{"self":[{"href":"https:\/\/www.verbruggen-group.com\/en\/wp-json\/wp\/v2\/pages\/11377","targetHints":{"allow":["GET"]}}],"collection":[{"href":"https:\/\/www.verbruggen-group.com\/en\/wp-json\/wp\/v2\/pages"}],"about":[{"href":"https:\/\/www.verbruggen-group.com\/en\/wp-json\/wp\/v2\/types\/page"}],"author":[{"embeddable":true,"href":"https:\/\/www.verbruggen-group.com\/en\/wp-json\/wp\/v2\/users\/1"}],"replies":[{"embeddable":true,"href":"https:\/\/www.verbruggen-group.com\/en\/wp-json\/wp\/v2\/comments?post=11377"}],"version-history":[{"count":5,"href":"https:\/\/www.verbruggen-group.com\/en\/wp-json\/wp\/v2\/pages\/11377\/revisions"}],"predecessor-version":[{"id":13443,"href":"https:\/\/www.verbruggen-group.com\/en\/wp-json\/wp\/v2\/pages\/11377\/revisions\/13443"}],"wp:attachment":[{"href":"https:\/\/www.verbruggen-group.com\/en\/wp-json\/wp\/v2\/media?parent=11377"}],"curies":[{"name":"wp","href":"https:\/\/api.w.org\/{rel}","templated":true}]}}