{"id":11344,"date":"2020-02-04T13:35:09","date_gmt":"2020-02-04T13:35:09","guid":{"rendered":"https:\/\/www.verbruggen-group.com\/securite\/"},"modified":"2020-12-01T07:58:26","modified_gmt":"2020-12-01T07:58:26","slug":"veiligheid","status":"publish","type":"page","link":"https:\/\/www.verbruggen-group.com\/nl\/nos-metiers\/veiligheid\/","title":{"rendered":"Veiligheid"},"content":{"rendered":"<div class=\"wpb-content-wrapper\"><p>[vc_row content_placement=&#8221;middle&#8221; row_content_width=&#8221;grid&#8221; css=&#8221;.vc_custom_1598878125362{padding-top: 50px !important;padding-bottom: 50px !important;}&#8221;][vc_column width=&#8221;2\/3&#8243;][vc_column_text]<\/p>\n<h1>Veiligheid, expertenwerk<\/h1>\n<p>[\/vc_column_text][vc_column_text]Of het nu om het installeren gaat van gepantserde deuren, het dringend openen van die deuren of hun herstellingen, onze technici zijn gespecialiseerd in het <strong>beveiligen van gebouwen<\/strong>. Naargelang uw gepantserde deur rechts of links een handvat moet hebben, een of meerdere glaspartijen nodig heeft om het licht door te laten, stellen wij u verschillende modellen en ideale opties voor.\u00a0 Wij houden rekening met al uw eisen: vuurbestendigheid, het plaatsen van toegangscontrole, geluidsisolatie &#8230;[\/vc_column_text][\/vc_column][vc_column width=&#8221;1\/3&#8243;][vc_single_image image=&#8221;10869&#8243; img_size=&#8221;full&#8221; alignment=&#8221;center&#8221; style=&#8221;vc_box_shadow_3d&#8221;][\/vc_column][\/vc_row][vc_row content_placement=&#8221;middle&#8221; row_content_width=&#8221;grid&#8221; css=&#8221;.vc_custom_1598878173956{padding-top: 50px !important;padding-bottom: 50px !important;}&#8221; simple_background_color=&#8221;#f7f7f7&#8243;][vc_column width=&#8221;1\/3&#8243;][vc_single_image image=&#8221;10877&#8243; img_size=&#8221;full&#8221; alignment=&#8221;center&#8221; style=&#8221;vc_box_shadow_3d&#8221;][\/vc_column][vc_column width=&#8221;2\/3&#8243;][vc_column_text]<\/p>\n<h4 style=\"text-align: left;\">Installatie van een veiligheidssysteem in Brussel en in heel Belgi\u00eb<\/h4>\n<p>[\/vc_column_text][vc_column_text]Wij hebben tal van bankkantoren, bedrijven, offici\u00eble gebouwen, ambassades en industri\u00eble sites met een potentieel risico uitgerust met gepantserde loketten en deuren, gepantserde wanden en doorgeeflades.<\/p>\n<p>De afdeling \u2018Onderzoek en ontwikkeling\u2019 van het bedrijf Verbruggen heeft trouwens tal van octrooien gedeponeerd die gekend zijn binnen het domein van de <strong>beveiliging van gebouwen<\/strong>.[\/vc_column_text][\/vc_column][\/vc_row][vc_row equal_height=&#8221;yes&#8221; content_placement=&#8221;middle&#8221; row_content_width=&#8221;grid&#8221; css=&#8221;.vc_custom_1598874634865{padding-top: 50px !important;padding-bottom: 15px !important;}&#8221;][vc_column][vc_cta h2=&#8221;&#8221; h4=&#8221;Bekijk onze realisaties en neem contact met ons op voor een gratis offerte, zonder verplichtingen.&#8221; txt_align=&#8221;center&#8221; shape=&#8221;square&#8221; add_button=&#8221;bottom&#8221; btn_title=&#8221;Contacteer ons zonder verder uitstel!&#8221; btn_shape=&#8221;square&#8221; btn_color=&#8221;inverse&#8221; btn_align=&#8221;center&#8221; btn_i_icon_fontawesome=&#8221;fa fa-handshake-o&#8221; btn_add_icon=&#8221;true&#8221; btn_link=&#8221;url:https%3A%2F%2Fwww.verbruggen-group.com%2Fnl%2Fcontact%2F|title:Contact||&#8221;][\/vc_cta][\/vc_column][\/vc_row][vc_row disable_element=&#8221;yes&#8221; row_content_width=&#8221;grid&#8221;][vc_column]<div class=\"edgtf-image-slider-holder\">\n\t<div class=\"edgtf-is-slider-inner edgtf-owl-slider \" data-enable-navigation=\"no\" data-enable-pagination=\"yes\">\n\t\t<div class=\"edgtf-is-item\">\n\t<div class=\"edgtf-is-item-inner\">\n\t\t\t\t\t<div class=\"edgtf-is-image\">\n\t\t\t\t<img loading=\"lazy\" decoding=\"async\" width=\"1000\" height=\"750\" src=\"https:\/\/www.verbruggen-group.com\/wp-content\/uploads\/2020\/02\/verbruggen-page-Menuiserie-residences.jpg\" class=\"attachment-full size-full\" alt=\"\" srcset=\"https:\/\/www.verbruggen-group.com\/wp-content\/uploads\/2020\/02\/verbruggen-page-Menuiserie-residences.jpg 1000w, https:\/\/www.verbruggen-group.com\/wp-content\/uploads\/2020\/02\/verbruggen-page-Menuiserie-residences-300x225.jpg 300w, https:\/\/www.verbruggen-group.com\/wp-content\/uploads\/2020\/02\/verbruggen-page-Menuiserie-residences-768x576.jpg 768w\" sizes=\"auto, (max-width: 1000px) 100vw, 1000px\" \/>\t\t\t<\/div>\n\t\t\t\t\t\t\t<div class=\"edgtf-is-content\" style=\"background-color: #f5f5f5\">\n\t\t\t\t<div class=\"edgtf-is-content-inner\">\n\t\t\t\t\t\n<h4><strong>R\u00e9sidences :\u00a0<\/strong><\/h4>\n<p>[vc_empty_space height=&#8221;20px&#8221;]mobiliers int\u00e9gr\u00e9s, biblioth\u00e8ques, cuisines, dressing, \u2026,<br \/>\n[vc_empty_space height=&#8221;30px&#8221;]<a itemprop=\"url\" href=\"#\" target=\"_self\"  class=\"edgtf-btn edgtf-btn-medium edgtf-btn-solid\"  >\n    <span class=\"edgtf-btn-text\">Check Out<\/span>\n    <\/a>[vc_empty_space height=&#8221;13px&#8221;]\t\t\t\t<\/div>\n\t\t\t<\/div>\n\t\t\t<\/div>\n<\/div><div class=\"edgtf-is-item\">\n\t<div class=\"edgtf-is-item-inner\">\n\t\t\t\t\t<div class=\"edgtf-is-image\">\n\t\t\t\t<img loading=\"lazy\" decoding=\"async\" width=\"1000\" height=\"750\" src=\"https:\/\/www.verbruggen-group.com\/wp-content\/uploads\/2020\/02\/verbruggen-page-Menuiserie-commerces.jpg\" class=\"attachment-full size-full\" alt=\"\" srcset=\"https:\/\/www.verbruggen-group.com\/wp-content\/uploads\/2020\/02\/verbruggen-page-Menuiserie-commerces.jpg 1000w, https:\/\/www.verbruggen-group.com\/wp-content\/uploads\/2020\/02\/verbruggen-page-Menuiserie-commerces-300x225.jpg 300w, https:\/\/www.verbruggen-group.com\/wp-content\/uploads\/2020\/02\/verbruggen-page-Menuiserie-commerces-768x576.jpg 768w\" sizes=\"auto, (max-width: 1000px) 100vw, 1000px\" \/>\t\t\t<\/div>\n\t\t\t\t\t\t\t<div class=\"edgtf-is-content\" style=\"background-color: #f5f5f5\">\n\t\t\t\t<div class=\"edgtf-is-content-inner\">\n\t\t\t\t\t\n<h4><strong>Surfaces commerciales :<\/strong><\/h4>\n<p>[vc_empty_space height=&#8221;20px&#8221;]<strong>\u00a0<\/strong>meubles de pr\u00e9sentation, comptoirs,\u2026<br \/>\n[vc_empty_space height=&#8221;30px&#8221;]<a itemprop=\"url\" href=\"#\" target=\"_self\"  class=\"edgtf-btn edgtf-btn-medium edgtf-btn-solid\"  >\n    <span class=\"edgtf-btn-text\">Check Out<\/span>\n    <\/a>[vc_empty_space height=&#8221;13px&#8221;]\t\t\t\t<\/div>\n\t\t\t<\/div>\n\t\t\t<\/div>\n<\/div><div class=\"edgtf-is-item\">\n\t<div class=\"edgtf-is-item-inner\">\n\t\t\t\t\t<div class=\"edgtf-is-image\">\n\t\t\t\t<img loading=\"lazy\" decoding=\"async\" width=\"1000\" height=\"750\" src=\"https:\/\/www.verbruggen-group.com\/wp-content\/uploads\/2020\/02\/verbruggen-page-Menuiserie-bureaux.jpg\" class=\"attachment-full size-full\" alt=\"\" srcset=\"https:\/\/www.verbruggen-group.com\/wp-content\/uploads\/2020\/02\/verbruggen-page-Menuiserie-bureaux.jpg 1000w, https:\/\/www.verbruggen-group.com\/wp-content\/uploads\/2020\/02\/verbruggen-page-Menuiserie-bureaux-300x225.jpg 300w, https:\/\/www.verbruggen-group.com\/wp-content\/uploads\/2020\/02\/verbruggen-page-Menuiserie-bureaux-768x576.jpg 768w\" sizes=\"auto, (max-width: 1000px) 100vw, 1000px\" \/>\t\t\t<\/div>\n\t\t\t\t\t\t\t<div class=\"edgtf-is-content\" style=\"background-color: #f5f5f5\">\n\t\t\t\t<div class=\"edgtf-is-content-inner\">\n\t\t\t\t\t\n<h4><strong>Surfaces de bureaux :<\/strong><\/h4>\n<p>[vc_empty_space height=&#8221;20px&#8221;]salle de r\u00e9union de haut standing, armoires de classement, portes coulissantes, bureau de direction,\u2026<br \/>\n[vc_empty_space height=&#8221;30px&#8221;]<a itemprop=\"url\" href=\"#\" target=\"_self\"  class=\"edgtf-btn edgtf-btn-medium edgtf-btn-solid\"  >\n    <span class=\"edgtf-btn-text\">Check Out<\/span>\n    <\/a>[vc_empty_space height=&#8221;13px&#8221;]\t\t\t\t<\/div>\n\t\t\t<\/div>\n\t\t\t<\/div>\n<\/div>\t<\/div>\n<\/div>[\/vc_column][\/vc_row][vc_row css=&#8221;.vc_custom_1583842258828{margin-top: 50px !important;padding-top: 50px !important;padding-bottom: 50px !important;}&#8221; simple_background_color=&#8221;#f7f7f7&#8243;][vc_column][vc_column_text css=&#8221;.vc_custom_1606138873404{margin-bottom: 40px !important;}&#8221;]<\/p>\n<h4 style=\"text-align: center;\">Realisaties<\/h4>\n<p>[\/vc_column_text][vc_column_text]<style type=\"text\/css\" scoped>.rbs_gallery_6a0448661590fSpinner{\r\n\t\t\t\tmargin: 50px auto;\r\n\t\t\t\twidth: 50px;\r\n\t\t\t\theight: 40px;\r\n\t\t\t\ttext-align: center;\r\n\t\t\t\tfont-size: 10px;\r\n\t\t\t}\r\n\t\t\t.rbs_gallery_6a0448661590fSpinner > div{\r\n\t\t\t  background-color: #333;\r\n\t\t\t  height: 100%;\r\n\t\t\t  width: 6px;\r\n\t\t\t  display: inline-block;\r\n\t\t\t  -webkit-animation: rbs_gallery_6a0448661590f-stretchdelay 1.2s infinite ease-in-out;\r\n\t\t\t  animation: rbs_gallery_6a0448661590f-stretchdelay 1.2s infinite ease-in-out;\r\n\t\t\t}\r\n\t\t\t.rbs_gallery_6a0448661590fSpinner .rbs_gallery_6a0448661590fRect2 {\r\n\t\t\t  -webkit-animation-delay: -1.1s;\r\n\t\t\t  animation-delay: -1.1s;\r\n\t\t\t}\r\n\t\t\t.rbs_gallery_6a0448661590fSpinner .rbs_gallery_6a0448661590fRect3 {\r\n\t\t\t  -webkit-animation-delay: -1.0s;\r\n\t\t\t  animation-delay: -1.0s;\r\n\t\t\t}\r\n\t\t\t.rbs_gallery_6a0448661590fSpinner .rbs_gallery_6a0448661590fRect4 {\r\n\t\t\t  -webkit-animation-delay: -0.9s;\r\n\t\t\t  animation-delay: -0.9s;\r\n\t\t\t}\r\n\t\t\t.rbs_gallery_6a0448661590fSpinner .rbs_gallery_6a0448661590fRect5 {\r\n\t\t\t  -webkit-animation-delay: -0.8s;\r\n\t\t\t  animation-delay: -0.8s;\r\n\t\t\t}\r\n\t\t\t@-webkit-keyframes rbs_gallery_6a0448661590f-stretchdelay {\r\n\t\t\t  0%, 40%, 100% { -webkit-transform: scaleY(0.4) }  \r\n\t\t\t  20% { -webkit-transform: scaleY(1.0) }\r\n\t\t\t}\r\n\t\t\t@keyframes rbs_gallery_6a0448661590f-stretchdelay {\r\n\t\t\t  0%, 40%, 100% { \r\n\t\t\t    transform: scaleY(0.4);\r\n\t\t\t    -webkit-transform: scaleY(0.4);\r\n\t\t\t  }  20% { \r\n\t\t\t    transform: scaleY(1.0);\r\n\t\t\t    -webkit-transform: scaleY(1.0);\r\n\t\t\t  }\r\n\t\t\t}\r\n\t\t<\/style><div class=\"robo-gallery-wrap robo-gallery-wrap-id11494 robo-gallery-\" ><div id=\"rbs_gallery_6a0448661590f-block-loader\" class=\"rbs_gallery_6a0448661590fSpinner\"><div class=\"rbs_gallery_6a0448661590fRect1\"><\/div> <div class=\"rbs_gallery_6a0448661590fRect2\"><\/div> <div class=\"rbs_gallery_6a0448661590fRect3\"><\/div> <div class=\"rbs_gallery_6a0448661590fRect4\"><\/div> <div class=\"rbs_gallery_6a0448661590fRect5\"><\/div><\/div><div class=\"rbs_gallery_button  rbs_gallery_align_center\" id=\"rbs_gallery_6a0448661590ffilter\" style=\" display: none;\" ><a class=\"button button-flat-primary  \" href=\"#\" data-filter=\"*\">Alle categorie\u00ebn<\/a><\/div><div id=\"robo_gallery_main_block_rbs_gallery_6a0448661590f\" class=\"robogallery-gallery-11494\" style=\"width:95%;margin:0 auto;  display: none;\"><div id=\"rbs_gallery_6a0448661590f\" data-options=\"rbs_gallery_6a0448661590f\" style=\"width:100%;\" class=\"robo_gallery  \"><div class=\"rbs-img  category11494 \" ><div class=\"rbs-img-image   rbs-lightbox \" ><div class=\"rbs-img-thumbs\"  data-thumbnail=\"https:\/\/www.verbruggen-group.com\/wp-content\/uploads\/2020\/03\/Verbruggen-group-service-se\u0301curite11.jpg\"  title=\"Verbruggen-group-service-se\u0301curite11\"  data-width=\"1100\"  data-height=\"733\" ><\/div><div class=\"rbs-img-data-popup\"  data-popup=\"https:\/\/www.verbruggen-group.com\/wp-content\/uploads\/2020\/03\/Verbruggen-group-service-se\u0301curite11.jpg\"  title=\"\" ><\/div><div class=\"thumbnail-overlay\"><\/div><\/div><\/div><div class=\"rbs-img  category11494 \" ><div class=\"rbs-img-image   rbs-lightbox \" ><div class=\"rbs-img-thumbs\"  data-thumbnail=\"https:\/\/www.verbruggen-group.com\/wp-content\/uploads\/2020\/03\/Verbruggen-group-service-se\u0301curite1012.jpg\"  title=\"Verbruggen-group-service-se\u0301curite1012\"  data-width=\"1100\"  data-height=\"733\" ><\/div><div class=\"rbs-img-data-popup\"  data-popup=\"https:\/\/www.verbruggen-group.com\/wp-content\/uploads\/2020\/03\/Verbruggen-group-service-se\u0301curite1012.jpg\"  title=\"\" ><\/div><div class=\"thumbnail-overlay\"><\/div><\/div><\/div><div class=\"rbs-img  category11494 \" ><div class=\"rbs-img-image   rbs-lightbox \" ><div class=\"rbs-img-thumbs\"  data-thumbnail=\"https:\/\/www.verbruggen-group.com\/wp-content\/uploads\/2020\/03\/Verbruggen-group-service-se\u0301curite10.jpg\"  title=\"Verbruggen-group-service-se\u0301curite10\"  data-width=\"1100\"  data-height=\"680\" ><\/div><div class=\"rbs-img-data-popup\"  data-popup=\"https:\/\/www.verbruggen-group.com\/wp-content\/uploads\/2020\/03\/Verbruggen-group-service-se\u0301curite10.jpg\"  title=\"\" ><\/div><div class=\"thumbnail-overlay\"><\/div><\/div><\/div><div class=\"rbs-img  category11494 \" ><div class=\"rbs-img-image   rbs-lightbox \" ><div class=\"rbs-img-thumbs\"  data-thumbnail=\"https:\/\/www.verbruggen-group.com\/wp-content\/uploads\/2020\/03\/verbruggen-service-se\u0301curite\u03012.jpg\"  title=\"verbruggen-service-se\u0301curite\u03012\"  data-width=\"1100\"  data-height=\"1956\" ><\/div><div class=\"rbs-img-data-popup\"  data-popup=\"https:\/\/www.verbruggen-group.com\/wp-content\/uploads\/2020\/03\/verbruggen-service-se\u0301curite\u03012.jpg\"  title=\"\" ><\/div><div class=\"thumbnail-overlay\"><\/div><\/div><\/div><div class=\"rbs-img  category11494 \" ><div class=\"rbs-img-image   rbs-lightbox \" ><div class=\"rbs-img-thumbs\"  data-thumbnail=\"https:\/\/www.verbruggen-group.com\/wp-content\/uploads\/2020\/03\/verbruggen-S\u00e9curite-Passe-Documents.jpg\"  title=\"verbruggen-S\u00e9curite-Passe-Documents\"  data-width=\"1100\"  data-height=\"734\" ><\/div><div class=\"rbs-img-data-popup\"  data-popup=\"https:\/\/www.verbruggen-group.com\/wp-content\/uploads\/2020\/03\/verbruggen-S\u00e9curite-Passe-Documents.jpg\"  title=\"\" ><\/div><div class=\"thumbnail-overlay\"><\/div><\/div><\/div><div class=\"rbs-img  category11494 \" ><div class=\"rbs-img-image   rbs-lightbox \" ><div class=\"rbs-img-thumbs\"  data-thumbnail=\"https:\/\/www.verbruggen-group.com\/wp-content\/uploads\/2020\/03\/verbruggen-service-se\u0301curite\u0301-rotated.jpg\"  title=\"verbruggen-service-se\u0301curite\u0301\"  data-width=\"733\"  data-height=\"1100\" ><\/div><div class=\"rbs-img-data-popup\"  data-popup=\"https:\/\/www.verbruggen-group.com\/wp-content\/uploads\/2020\/03\/verbruggen-service-se\u0301curite\u0301-rotated.jpg\"  title=\"\" ><\/div><div class=\"thumbnail-overlay\"><\/div><\/div><\/div><div class=\"rbs-img  category11494 \" ><div class=\"rbs-img-image   rbs-lightbox \" ><div class=\"rbs-img-thumbs\"  data-thumbnail=\"https:\/\/www.verbruggen-group.com\/wp-content\/uploads\/2020\/03\/verbruggen-service-se\u0301curite\u03013-rotated.jpg\"  title=\"verbruggen-service-se\u0301curite\u03013\"  data-width=\"733\"  data-height=\"1100\" ><\/div><div class=\"rbs-img-data-popup\"  data-popup=\"https:\/\/www.verbruggen-group.com\/wp-content\/uploads\/2020\/03\/verbruggen-service-se\u0301curite\u03013-rotated.jpg\"  title=\"\" ><\/div><div class=\"thumbnail-overlay\"><\/div><\/div><\/div><\/div><\/div><\/div><script>var rbs_gallery_6a0448661590f = {\"version\":\"5.1.4\",\"id\":11494,\"class\":\"id11494\",\"roboGalleryDelay\":1000,\"mainContainer\":\"#robo_gallery_main_block_rbs_gallery_6a0448661590f\",\"loadingContainer\":\"#rbs_gallery_6a0448661590f-block-loader\",\"loadingContainerObj\":\"rbs_gallery_6a0448661590f-block-loader\",\"columnWidth\":\"auto\",\"columns\":5,\"resolutions\":[{\"columnWidth\":\"auto\",\"columns\":4,\"maxWidth\":960},{\"columnWidth\":\"auto\",\"columns\":2,\"maxWidth\":650},{\"columnWidth\":\"auto\",\"columns\":1,\"maxWidth\":450}],\"lightboxOptions\":{\"gallery\":{\"enabled\":true,\"tCounter\":\"%curr% of %total%\"},\"image\":{\"verticalFit\":true},\"mainClass\":\"my-mfp-slide-bottom mfp-img-mobile\"},\"facebook\":true,\"twitter\":true,\"pinterest\":true,\"overlayEffect\":\"push-up\",\"boxesToLoadStart\":20,\"boxesToLoad\":20,\"waitUntilThumbLoads\":1,\"waitForAllThumbsNoMatterWhat\":1,\"LoadingWord\":\"Loading...\",\"loadMoreWord\":\"Load More\",\"noMoreEntriesWord\":\"No More Entries\",\"horizontalSpaceBetweenBoxes\":40,\"verticalSpaceBetweenBoxes\":40,\"lazyLoad\":1,\"noHoverOnMobile\":\"false\",\"wrapContainer\":\"#robo-gallery-wrap-rbs_gallery_6a0448661590f\",\"filterContainer\":\"#rbs_gallery_6a0448661590ffilter\",\"loadMoreClass\":\"button-flat-primary \"};<\/script>[\/vc_column_text][\/vc_column][\/vc_row]<\/p>\n<\/div>","protected":false},"excerpt":{"rendered":"<p>[vc_row content_placement=&#8221;middle&#8221; row_content_width=&#8221;grid&#8221; css=&#8221;.vc_custom_1598878125362{padding-top: 50px !important;padding-bottom: 50px !important;}&#8221;][vc_column width=&#8221;2\/3&#8243;][vc_column_text] Veiligheid, expertenwerk [\/vc_column_text][vc_column_text]Of het nu om het installeren gaat van gepantserde deuren, het dringend openen van die deuren of hun herstellingen, onze technici zijn gespecialiseerd in het beveiligen van gebouwen. Naargelang [&hellip;]<\/p>\n","protected":false},"author":1,"featured_media":11345,"parent":11375,"menu_order":0,"comment_status":"closed","ping_status":"closed","template":"full-width.php","meta":{"rs_blank_template":"","rs_page_bg_color":"#ffffff","slide_template_v7":"","footnotes":""},"class_list":["post-11344","page","type-page","status-publish","has-post-thumbnail","hentry"],"yoast_head":"<!-- This site is optimized with the Yoast SEO plugin v27.5 - https:\/\/yoast.com\/product\/yoast-seo-wordpress\/ -->\n<title>Veiligheid - Verbruggen Group<\/title>\n<meta name=\"robots\" content=\"index, follow, max-snippet:-1, max-image-preview:large, max-video-preview:-1\" \/>\n<link rel=\"canonical\" href=\"https:\/\/www.verbruggen-group.com\/nl\/nos-metiers\/veiligheid\/\" \/>\n<meta property=\"og:locale\" content=\"nl_NL\" \/>\n<meta property=\"og:type\" content=\"article\" \/>\n<meta property=\"og:title\" content=\"Veiligheid - Verbruggen Group\" \/>\n<meta property=\"og:description\" content=\"[vc_row content_placement=&#8221;middle&#8221; row_content_width=&#8221;grid&#8221; css=&#8221;.vc_custom_1598878125362{padding-top: 50px !important;padding-bottom: 50px !important;}&#8221;][vc_column width=&#8221;2\/3&#8243;][vc_column_text] Veiligheid, expertenwerk [\/vc_column_text][vc_column_text]Of het nu om het installeren gaat van gepantserde deuren, het dringend openen van die deuren of hun herstellingen, onze technici zijn gespecialiseerd in het beveiligen van gebouwen. Naargelang [&hellip;]\" \/>\n<meta property=\"og:url\" content=\"https:\/\/www.verbruggen-group.com\/nl\/nos-metiers\/veiligheid\/\" \/>\n<meta property=\"og:site_name\" content=\"Verbruggen Group\" \/>\n<meta property=\"article:publisher\" content=\"https:\/\/www.facebook.com\/Verbruggen-Group-254406135499585\/\" \/>\n<meta property=\"article:modified_time\" content=\"2020-12-01T07:58:26+00:00\" \/>\n<meta property=\"og:image\" content=\"https:\/\/www.verbruggen-group.com\/wp-content\/uploads\/2020\/03\/Verbruggen-group-se\u0301curite\u0301.jpg\" \/>\n\t<meta property=\"og:image:width\" content=\"800\" \/>\n\t<meta property=\"og:image:height\" content=\"600\" \/>\n\t<meta property=\"og:image:type\" content=\"image\/jpeg\" \/>\n<meta name=\"twitter:card\" content=\"summary_large_image\" \/>\n<meta name=\"twitter:label1\" content=\"Est. reading time\" \/>\n\t<meta name=\"twitter:data1\" content=\"3 minutes\" \/>\n<script type=\"application\/ld+json\" class=\"yoast-schema-graph\">{\"@context\":\"https:\\\/\\\/schema.org\",\"@graph\":[{\"@type\":\"WebPage\",\"@id\":\"https:\\\/\\\/www.verbruggen-group.com\\\/nl\\\/nos-metiers\\\/veiligheid\\\/\",\"url\":\"https:\\\/\\\/www.verbruggen-group.com\\\/nl\\\/nos-metiers\\\/veiligheid\\\/\",\"name\":\"Veiligheid - Verbruggen Group\",\"isPartOf\":{\"@id\":\"https:\\\/\\\/www.verbruggen-group.com\\\/#website\"},\"primaryImageOfPage\":{\"@id\":\"https:\\\/\\\/www.verbruggen-group.com\\\/nl\\\/nos-metiers\\\/veiligheid\\\/#primaryimage\"},\"image\":{\"@id\":\"https:\\\/\\\/www.verbruggen-group.com\\\/nl\\\/nos-metiers\\\/veiligheid\\\/#primaryimage\"},\"thumbnailUrl\":\"https:\\\/\\\/www.verbruggen-group.com\\\/wp-content\\\/uploads\\\/2020\\\/03\\\/Verbruggen-group-se\u0301curite\u0301.jpg\",\"datePublished\":\"2020-02-04T13:35:09+00:00\",\"dateModified\":\"2020-12-01T07:58:26+00:00\",\"breadcrumb\":{\"@id\":\"https:\\\/\\\/www.verbruggen-group.com\\\/nl\\\/nos-metiers\\\/veiligheid\\\/#breadcrumb\"},\"inLanguage\":\"nl-NL\",\"potentialAction\":[{\"@type\":\"ReadAction\",\"target\":[\"https:\\\/\\\/www.verbruggen-group.com\\\/nl\\\/nos-metiers\\\/veiligheid\\\/\"]}]},{\"@type\":\"ImageObject\",\"inLanguage\":\"nl-NL\",\"@id\":\"https:\\\/\\\/www.verbruggen-group.com\\\/nl\\\/nos-metiers\\\/veiligheid\\\/#primaryimage\",\"url\":\"https:\\\/\\\/www.verbruggen-group.com\\\/wp-content\\\/uploads\\\/2020\\\/03\\\/Verbruggen-group-se\u0301curite\u0301.jpg\",\"contentUrl\":\"https:\\\/\\\/www.verbruggen-group.com\\\/wp-content\\\/uploads\\\/2020\\\/03\\\/Verbruggen-group-se\u0301curite\u0301.jpg\",\"width\":800,\"height\":600},{\"@type\":\"BreadcrumbList\",\"@id\":\"https:\\\/\\\/www.verbruggen-group.com\\\/nl\\\/nos-metiers\\\/veiligheid\\\/#breadcrumb\",\"itemListElement\":[{\"@type\":\"ListItem\",\"position\":1,\"name\":\"Home\",\"item\":\"https:\\\/\\\/www.verbruggen-group.com\\\/nl\\\/\"},{\"@type\":\"ListItem\",\"position\":2,\"name\":\"Nos M\u00e9tiers\",\"item\":\"https:\\\/\\\/www.verbruggen-group.com\\\/nl\\\/nos-metiers\\\/\"},{\"@type\":\"ListItem\",\"position\":3,\"name\":\"Veiligheid\"}]},{\"@type\":\"WebSite\",\"@id\":\"https:\\\/\\\/www.verbruggen-group.com\\\/#website\",\"url\":\"https:\\\/\\\/www.verbruggen-group.com\\\/\",\"name\":\"Verbruggen Group\",\"description\":\"L\u2019art de construire et de r\u00e9nover\",\"potentialAction\":[{\"@type\":\"SearchAction\",\"target\":{\"@type\":\"EntryPoint\",\"urlTemplate\":\"https:\\\/\\\/www.verbruggen-group.com\\\/?s={search_term_string}\"},\"query-input\":{\"@type\":\"PropertyValueSpecification\",\"valueRequired\":true,\"valueName\":\"search_term_string\"}}],\"inLanguage\":\"nl-NL\"}]}<\/script>\n<!-- \/ Yoast SEO plugin. -->","yoast_head_json":{"title":"Veiligheid - Verbruggen Group","robots":{"index":"index","follow":"follow","max-snippet":"max-snippet:-1","max-image-preview":"max-image-preview:large","max-video-preview":"max-video-preview:-1"},"canonical":"https:\/\/www.verbruggen-group.com\/nl\/nos-metiers\/veiligheid\/","og_locale":"nl_NL","og_type":"article","og_title":"Veiligheid - Verbruggen Group","og_description":"[vc_row content_placement=&#8221;middle&#8221; row_content_width=&#8221;grid&#8221; css=&#8221;.vc_custom_1598878125362{padding-top: 50px !important;padding-bottom: 50px !important;}&#8221;][vc_column width=&#8221;2\/3&#8243;][vc_column_text] Veiligheid, expertenwerk [\/vc_column_text][vc_column_text]Of het nu om het installeren gaat van gepantserde deuren, het dringend openen van die deuren of hun herstellingen, onze technici zijn gespecialiseerd in het beveiligen van gebouwen. Naargelang [&hellip;]","og_url":"https:\/\/www.verbruggen-group.com\/nl\/nos-metiers\/veiligheid\/","og_site_name":"Verbruggen Group","article_publisher":"https:\/\/www.facebook.com\/Verbruggen-Group-254406135499585\/","article_modified_time":"2020-12-01T07:58:26+00:00","og_image":[{"width":800,"height":600,"url":"https:\/\/www.verbruggen-group.com\/wp-content\/uploads\/2020\/03\/Verbruggen-group-se\u0301curite\u0301.jpg","type":"image\/jpeg"}],"twitter_card":"summary_large_image","twitter_misc":{"Est. reading time":"3 minutes"},"schema":{"@context":"https:\/\/schema.org","@graph":[{"@type":"WebPage","@id":"https:\/\/www.verbruggen-group.com\/nl\/nos-metiers\/veiligheid\/","url":"https:\/\/www.verbruggen-group.com\/nl\/nos-metiers\/veiligheid\/","name":"Veiligheid - Verbruggen Group","isPartOf":{"@id":"https:\/\/www.verbruggen-group.com\/#website"},"primaryImageOfPage":{"@id":"https:\/\/www.verbruggen-group.com\/nl\/nos-metiers\/veiligheid\/#primaryimage"},"image":{"@id":"https:\/\/www.verbruggen-group.com\/nl\/nos-metiers\/veiligheid\/#primaryimage"},"thumbnailUrl":"https:\/\/www.verbruggen-group.com\/wp-content\/uploads\/2020\/03\/Verbruggen-group-se\u0301curite\u0301.jpg","datePublished":"2020-02-04T13:35:09+00:00","dateModified":"2020-12-01T07:58:26+00:00","breadcrumb":{"@id":"https:\/\/www.verbruggen-group.com\/nl\/nos-metiers\/veiligheid\/#breadcrumb"},"inLanguage":"nl-NL","potentialAction":[{"@type":"ReadAction","target":["https:\/\/www.verbruggen-group.com\/nl\/nos-metiers\/veiligheid\/"]}]},{"@type":"ImageObject","inLanguage":"nl-NL","@id":"https:\/\/www.verbruggen-group.com\/nl\/nos-metiers\/veiligheid\/#primaryimage","url":"https:\/\/www.verbruggen-group.com\/wp-content\/uploads\/2020\/03\/Verbruggen-group-se\u0301curite\u0301.jpg","contentUrl":"https:\/\/www.verbruggen-group.com\/wp-content\/uploads\/2020\/03\/Verbruggen-group-se\u0301curite\u0301.jpg","width":800,"height":600},{"@type":"BreadcrumbList","@id":"https:\/\/www.verbruggen-group.com\/nl\/nos-metiers\/veiligheid\/#breadcrumb","itemListElement":[{"@type":"ListItem","position":1,"name":"Home","item":"https:\/\/www.verbruggen-group.com\/nl\/"},{"@type":"ListItem","position":2,"name":"Nos M\u00e9tiers","item":"https:\/\/www.verbruggen-group.com\/nl\/nos-metiers\/"},{"@type":"ListItem","position":3,"name":"Veiligheid"}]},{"@type":"WebSite","@id":"https:\/\/www.verbruggen-group.com\/#website","url":"https:\/\/www.verbruggen-group.com\/","name":"Verbruggen Group","description":"L\u2019art de construire et de r\u00e9nover","potentialAction":[{"@type":"SearchAction","target":{"@type":"EntryPoint","urlTemplate":"https:\/\/www.verbruggen-group.com\/?s={search_term_string}"},"query-input":{"@type":"PropertyValueSpecification","valueRequired":true,"valueName":"search_term_string"}}],"inLanguage":"nl-NL"}]}},"_links":{"self":[{"href":"https:\/\/www.verbruggen-group.com\/nl\/wp-json\/wp\/v2\/pages\/11344","targetHints":{"allow":["GET"]}}],"collection":[{"href":"https:\/\/www.verbruggen-group.com\/nl\/wp-json\/wp\/v2\/pages"}],"about":[{"href":"https:\/\/www.verbruggen-group.com\/nl\/wp-json\/wp\/v2\/types\/page"}],"author":[{"embeddable":true,"href":"https:\/\/www.verbruggen-group.com\/nl\/wp-json\/wp\/v2\/users\/1"}],"replies":[{"embeddable":true,"href":"https:\/\/www.verbruggen-group.com\/nl\/wp-json\/wp\/v2\/comments?post=11344"}],"version-history":[{"count":5,"href":"https:\/\/www.verbruggen-group.com\/nl\/wp-json\/wp\/v2\/pages\/11344\/revisions"}],"predecessor-version":[{"id":12918,"href":"https:\/\/www.verbruggen-group.com\/nl\/wp-json\/wp\/v2\/pages\/11344\/revisions\/12918"}],"up":[{"embeddable":true,"href":"https:\/\/www.verbruggen-group.com\/nl\/wp-json\/wp\/v2\/pages\/11375"}],"wp:featuredmedia":[{"embeddable":true,"href":"https:\/\/www.verbruggen-group.com\/nl\/wp-json\/wp\/v2\/media\/11345"}],"wp:attachment":[{"href":"https:\/\/www.verbruggen-group.com\/nl\/wp-json\/wp\/v2\/media?parent=11344"}],"curies":[{"name":"wp","href":"https:\/\/api.w.org\/{rel}","templated":true}]}}